{"id":14,"date":"2025-01-21T20:33:04","date_gmt":"2025-01-21T20:33:04","guid":{"rendered":"https:\/\/sintaes.com.br\/home\/?page_id=14"},"modified":"2025-01-21T21:40:44","modified_gmt":"2025-01-21T21:40:44","slug":"diretoria","status":"publish","type":"page","link":"https:\/\/sintaes.com.br\/home\/?page_id=14","title":{"rendered":"Diretoria"},"content":{"rendered":"\t\t<div data-elementor-type=\"wp-page\" data-elementor-id=\"14\" class=\"elementor elementor-14\">\n\t\t\t\t<div class=\"elementor-element elementor-element-b4c9da9 e-flex e-con-boxed wpr-particle-no wpr-jarallax-no wpr-parallax-no wpr-sticky-section-no e-con e-parent\" data-id=\"b4c9da9\" data-element_type=\"container\" data-settings=\"{&quot;background_background&quot;:&quot;classic&quot;}\">\n\t\t\t\t\t<div class=\"e-con-inner\">\n\t\t<div class=\"elementor-element elementor-element-dd168a7 e-con-full e-flex wpr-particle-no wpr-jarallax-no wpr-parallax-no wpr-sticky-section-no e-con e-child\" data-id=\"dd168a7\" data-element_type=\"container\">\n\t\t\t\t<div class=\"elementor-element elementor-element-2c73628 elementor-widget elementor-widget-heading\" data-id=\"2c73628\" data-element_type=\"widget\" data-widget_type=\"heading.default\">\n\t\t\t\t<div class=\"elementor-widget-container\">\n\t\t\t\t\t<h1 class=\"elementor-heading-title elementor-size-default\">Diretoria<\/h1>\t\t\t\t<\/div>\n\t\t\t\t<\/div>\n\t\t\t\t<\/div>\n\t\t\t\t\t<\/div>\n\t\t\t\t<\/div>\n\t\t<div class=\"elementor-element elementor-element-d2f9271 e-flex e-con-boxed wpr-particle-no wpr-jarallax-no wpr-parallax-no wpr-sticky-section-no e-con e-parent\" data-id=\"d2f9271\" data-element_type=\"container\">\n\t\t\t\t\t<div class=\"e-con-inner\">\n\t\t\t\t<div class=\"elementor-element elementor-element-e909132 elementor-widget elementor-widget-heading\" data-id=\"e909132\" data-element_type=\"widget\" data-widget_type=\"heading.default\">\n\t\t\t\t<div class=\"elementor-widget-container\">\n\t\t\t\t\t<h4 class=\"elementor-heading-title elementor-size-default\">Iosmar Luiz Mansk \u2013 Presidente<br>Douglas Daniel \u2013 Vice Presidente<br>Carlos Antonio de Melo \u2013 1\u00b0 Secret\u00e1rio<br>Vitalino Fermo \u2013 2\u00b0 Secret\u00e1rio<br>Romulo Jos\u00e9 Izoton \u2013 1\u00b0 Tesoureiro<br>Carlos Genis da Silva \u2013 2\u00b0 Tesoureiro<br>Arildo Thomas Woelffel \u2013 Conselho Fiscal<br>Jovany Rita Soares \u2013 Conselho Fiscal<br>Joelson dos Santos Parajara \u2013 Conselho Fiscal<br>Itamar Souza Lima \u2013 Sup. Conselho Fiscal<br>Jarbas Teixeira Borges Junior \u2013 Sup. Conselho Fiscal<br>Dimas Piontokovsky \u2013 Sup. Conselho Fiscal<br>Iosmar Luiz Mansk \u2013 Rep. Federa\u00e7\u00e3o<br>Douglas Daniel \u2013 Rep. Federa\u00e7\u00e3o<br>Vitalino Fermo \u2013 Sup. Rep. Federa\u00e7\u00e3o<br>Carlos Genis da Silva \u2013 Sup. Rep. Federa\u00e7\u00e3o<br>Alarcon Pr\u00facoli de Miranda \u2013 Delegado Regional<br>Douglas Daniel \u2013 Delegado Regional<br>Talita Vieira Fideles \u2013 Delegado Regional<br>Osvaldino Martins de Oliveira \u2013 Sup. Delegado Regional<br>Jos\u00e9 Pedro Fiorot \u2013 Sup. Delegado Regional<br>Jo\u00e3o Celso de Souza \u2013 Sup. Delegado Regional<\/h4>\t\t\t\t<\/div>\n\t\t\t\t<\/div>\n\t\t\t\t\t<\/div>\n\t\t\t\t<\/div>\n\t\t\t\t<\/div>\n\t\t","protected":false},"excerpt":{"rendered":"<p>Diretoria Iosmar Luiz Mansk \u2013 PresidenteDouglas Daniel \u2013 Vice PresidenteCarlos Antonio de Melo \u2013 1\u00b0 Secret\u00e1rioVitalino Fermo \u2013 2\u00b0 Secret\u00e1rioRomulo Jos\u00e9 Izoton \u2013 1\u00b0 TesoureiroCarlos Genis da Silva \u2013 2\u00b0 TesoureiroArildo Thomas Woelffel \u2013 Conselho FiscalJovany Rita Soares \u2013 Conselho FiscalJoelson dos Santos Parajara \u2013 Conselho FiscalItamar Souza Lima \u2013 Sup. Conselho FiscalJarbas Teixeira Borges Junior \u2013 Sup. Conselho FiscalDimas Piontokovsky \u2013 Sup. Conselho FiscalIosmar Luiz Mansk \u2013 Rep. Federa\u00e7\u00e3oDouglas Daniel \u2013 Rep. Federa\u00e7\u00e3oVitalino Fermo \u2013 Sup. Rep. Federa\u00e7\u00e3oCarlos Genis da Silva \u2013 Sup. Rep. Federa\u00e7\u00e3oAlarcon Pr\u00facoli de Miranda \u2013 Delegado RegionalDouglas Daniel \u2013 Delegado RegionalTalita Vieira Fideles \u2013 Delegado RegionalOsvaldino Martins de Oliveira \u2013 Sup. Delegado RegionalJos\u00e9 Pedro Fiorot \u2013 Sup. Delegado RegionalJo\u00e3o Celso de Souza \u2013 Sup. Delegado Regional<\/p>\n","protected":false},"author":1,"featured_media":0,"parent":0,"menu_order":0,"comment_status":"closed","ping_status":"closed","template":"elementor_header_footer","meta":{"site-sidebar-layout":"no-sidebar","site-content-layout":"page-builder","ast-site-content-layout":"","site-content-style":"default","site-sidebar-style":"default","ast-global-header-display":"","ast-banner-title-visibility":"","ast-main-header-display":"","ast-hfb-above-header-display":"","ast-hfb-below-header-display":"","ast-hfb-mobile-header-display":"","site-post-title":"disabled","ast-breadcrumbs-content":"","ast-featured-img":"disabled","footer-sml-layout":"","theme-transparent-header-meta":"enabled","adv-header-id-meta":"","stick-header-meta":"","header-above-stick-meta":"","header-main-stick-meta":"","header-below-stick-meta":"","astra-migrate-meta-layouts":"default","ast-page-background-enabled":"default","ast-page-background-meta":{"desktop":{"background-color":"var(--ast-global-color-4)","background-image":"","background-repeat":"repeat","background-position":"center center","background-size":"auto","background-attachment":"scroll","background-type":"","background-media":"","overlay-type":"","overlay-color":"","overlay-opacity":"","overlay-gradient":""},"tablet":{"background-color":"","background-image":"","background-repeat":"repeat","background-position":"center center","background-size":"auto","background-attachment":"scroll","background-type":"","background-media":"","overlay-type":"","overlay-color":"","overlay-opacity":"","overlay-gradient":""},"mobile":{"background-color":"","background-image":"","background-repeat":"repeat","background-position":"center center","background-size":"auto","background-attachment":"scroll","background-type":"","background-media":"","overlay-type":"","overlay-color":"","overlay-opacity":"","overlay-gradient":""}},"ast-content-background-meta":{"desktop":{"background-color":"var(--ast-global-color-5)","background-image":"","background-repeat":"repeat","background-position":"center center","background-size":"auto","background-attachment":"scroll","background-type":"","background-media":"","overlay-type":"","overlay-color":"","overlay-opacity":"","overlay-gradient":""},"tablet":{"background-color":"var(--ast-global-color-5)","background-image":"","background-repeat":"repeat","background-position":"center center","background-size":"auto","background-attachment":"scroll","background-type":"","background-media":"","overlay-type":"","overlay-color":"","overlay-opacity":"","overlay-gradient":""},"mobile":{"background-color":"var(--ast-global-color-5)","background-image":"","background-repeat":"repeat","background-position":"center center","background-size":"auto","background-attachment":"scroll","background-type":"","background-media":"","overlay-type":"","overlay-color":"","overlay-opacity":"","overlay-gradient":""}},"footnotes":""},"class_list":["post-14","page","type-page","status-publish","hentry"],"_links":{"self":[{"href":"https:\/\/sintaes.com.br\/home\/index.php?rest_route=\/wp\/v2\/pages\/14","targetHints":{"allow":["GET"]}}],"collection":[{"href":"https:\/\/sintaes.com.br\/home\/index.php?rest_route=\/wp\/v2\/pages"}],"about":[{"href":"https:\/\/sintaes.com.br\/home\/index.php?rest_route=\/wp\/v2\/types\/page"}],"author":[{"embeddable":true,"href":"https:\/\/sintaes.com.br\/home\/index.php?rest_route=\/wp\/v2\/users\/1"}],"replies":[{"embeddable":true,"href":"https:\/\/sintaes.com.br\/home\/index.php?rest_route=%2Fwp%2Fv2%2Fcomments&post=14"}],"version-history":[{"count":7,"href":"https:\/\/sintaes.com.br\/home\/index.php?rest_route=\/wp\/v2\/pages\/14\/revisions"}],"predecessor-version":[{"id":1885,"href":"https:\/\/sintaes.com.br\/home\/index.php?rest_route=\/wp\/v2\/pages\/14\/revisions\/1885"}],"wp:attachment":[{"href":"https:\/\/sintaes.com.br\/home\/index.php?rest_route=%2Fwp%2Fv2%2Fmedia&parent=14"}],"curies":[{"name":"wp","href":"https:\/\/api.w.org\/{rel}","templated":true}]}}