{"id":1866,"date":"2025-01-21T21:24:38","date_gmt":"2025-01-21T21:24:38","guid":{"rendered":"https:\/\/sintaes.com.br\/home\/?page_id=1866"},"modified":"2025-01-21T21:28:45","modified_gmt":"2025-01-21T21:28:45","slug":"historia","status":"publish","type":"page","link":"https:\/\/sintaes.com.br\/home\/?page_id=1866","title":{"rendered":"Hist\u00f3ria"},"content":{"rendered":"\t\t<div data-elementor-type=\"wp-page\" data-elementor-id=\"1866\" class=\"elementor elementor-1866\">\n\t\t\t\t<div class=\"elementor-element elementor-element-269806f e-flex e-con-boxed wpr-particle-no wpr-jarallax-no wpr-parallax-no wpr-sticky-section-no e-con e-parent\" data-id=\"269806f\" data-element_type=\"container\" data-settings=\"{&quot;background_background&quot;:&quot;classic&quot;}\">\n\t\t\t\t\t<div class=\"e-con-inner\">\n\t\t<div class=\"elementor-element elementor-element-a827ff3 e-con-full e-flex wpr-particle-no wpr-jarallax-no wpr-parallax-no wpr-sticky-section-no e-con e-child\" data-id=\"a827ff3\" data-element_type=\"container\">\n\t\t\t\t<div class=\"elementor-element elementor-element-cbf94c8 elementor-widget elementor-widget-heading\" data-id=\"cbf94c8\" data-element_type=\"widget\" data-widget_type=\"heading.default\">\n\t\t\t\t<div class=\"elementor-widget-container\">\n\t\t\t\t\t<h1 class=\"elementor-heading-title elementor-size-default\">Hist\u00f3ria<\/h1>\t\t\t\t<\/div>\n\t\t\t\t<\/div>\n\t\t\t\t<\/div>\n\t\t\t\t\t<\/div>\n\t\t\t\t<\/div>\n\t\t<div class=\"elementor-element elementor-element-241c106 e-flex e-con-boxed wpr-particle-no wpr-jarallax-no wpr-parallax-no wpr-sticky-section-no e-con e-parent\" data-id=\"241c106\" data-element_type=\"container\">\n\t\t\t\t\t<div class=\"e-con-inner\">\n\t\t\t\t<div class=\"elementor-element elementor-element-f96f140 elementor-widget elementor-widget-heading\" data-id=\"f96f140\" data-element_type=\"widget\" data-widget_type=\"heading.default\">\n\t\t\t\t<div class=\"elementor-widget-container\">\n\t\t\t\t\t<h4 class=\"elementor-heading-title elementor-size-default\">O SINTAES foi constitu\u00eddo em 14 de Janeiro de 1989, por iniciativa da Associa\u00e7\u00e3o dos T\u00e9cnicos Agr\u00edcolas do Esp\u00edrito Santo (ATAES), que j\u00e1 se consolidava nas lutas de organiza\u00e7\u00e3o da categoria desde 1978 e pela necessidade de um organismo que tivesse a prerrogativa legal de representar todos os profissionais, independente de sua ades\u00e3o.\n<\/h4>\t\t\t\t<\/div>\n\t\t\t\t<\/div>\n\t\t\t\t<div class=\"elementor-element elementor-element-d1b8207 elementor-widget elementor-widget-heading\" data-id=\"d1b8207\" data-element_type=\"widget\" data-widget_type=\"heading.default\">\n\t\t\t\t<div class=\"elementor-widget-container\">\n\t\t\t\t\t<h4 class=\"elementor-heading-title elementor-size-default\">A primeira diret\u00f3ria do SINTAES foi composta pelos T\u00e9cnicos Agr\u00edcolas D\u00e1rio Antonio de Almeida, Francisco Hosquen Pires, Carla Birchler Guimar\u00e3es, Vitalino Fermo, Ant\u00f4nio Carlos Balbino e Martinho Gasparini.\n\n<\/h4>\t\t\t\t<\/div>\n\t\t\t\t<\/div>\n\t\t\t\t<div class=\"elementor-element elementor-element-1af6f3c elementor-widget elementor-widget-heading\" data-id=\"1af6f3c\" data-element_type=\"widget\" data-widget_type=\"heading.default\">\n\t\t\t\t<div class=\"elementor-widget-container\">\n\t\t\t\t\t<h4 class=\"elementor-heading-title elementor-size-default\"><b>Nossa Pol\u00edtica<\/b><br>O SINTAES \u00e9 a entidade de representa\u00e7\u00e3o legal e leg\u00edtima do profissional T\u00e9cnico Agr\u00edcola no Estado do Esp\u00edrito Santo, com prerrogativas estabelecidas na constitui\u00e7\u00e3o brasileira Art\u00ba 8\u00ba, na CLT Art\u00ba 578 a 600.<\/h4>\t\t\t\t<\/div>\n\t\t\t\t<\/div>\n\t\t\t\t<div class=\"elementor-element elementor-element-c42f54d elementor-widget elementor-widget-heading\" data-id=\"c42f54d\" data-element_type=\"widget\" data-widget_type=\"heading.default\">\n\t\t\t\t<div class=\"elementor-widget-container\">\n\t\t\t\t\t<h4 class=\"elementor-heading-title elementor-size-default\"><b>Certifica\u00e7\u00f5es<\/b><br>O SINTAES, \u00e9 sindicato que representa os profissionais T\u00e9cnicos Agr\u00edcolas do Estado do Espirito Santo, legalmente constitu\u00eddo perante o Minist\u00e9rio do Trabalho com c\u00f3digo sindical N\u00ba000.398.05508-4.<\/h4>\t\t\t\t<\/div>\n\t\t\t\t<\/div>\n\t\t\t\t<div class=\"elementor-element elementor-element-cf65765 elementor-widget elementor-widget-heading\" data-id=\"cf65765\" data-element_type=\"widget\" data-widget_type=\"heading.default\">\n\t\t\t\t<div class=\"elementor-widget-container\">\n\t\t\t\t\t<h4 class=\"elementor-heading-title elementor-size-default\"><b>A Miss\u00e3o<\/b><br>Organizar, assessorar e garantir aos T\u00e9cnicos Agr\u00edcolas o exerc\u00edcio da profiss\u00e3o com dignidade na plenitude de suas atribui\u00e7\u00f5es legais.<\/h4>\t\t\t\t<\/div>\n\t\t\t\t<\/div>\n\t\t\t\t<div class=\"elementor-element elementor-element-f9b3eff elementor-widget elementor-widget-heading\" data-id=\"f9b3eff\" data-element_type=\"widget\" data-widget_type=\"heading.default\">\n\t\t\t\t<div class=\"elementor-widget-container\">\n\t\t\t\t\t<h4 class=\"elementor-heading-title elementor-size-default\"><b>Nossa Vis\u00e3o<\/b><br>Ser a entidade de classe representativa legal de todos os t\u00e9cnicos agr\u00edcolas do Espirito Santo.<\/h4>\t\t\t\t<\/div>\n\t\t\t\t<\/div>\n\t\t\t\t<div class=\"elementor-element elementor-element-55a7853 elementor-widget elementor-widget-heading\" data-id=\"55a7853\" data-element_type=\"widget\" data-widget_type=\"heading.default\">\n\t\t\t\t<div class=\"elementor-widget-container\">\n\t\t\t\t\t<h4 class=\"elementor-heading-title elementor-size-default\"><b>Valorizamos<\/b><br>Propor aos T\u00e9cnicos Agr\u00edcolas do Esp\u00edrito Santo a busca pelo desenvolvimento sustent\u00e1vel, com \u00e9tica, transpar\u00eancia, valorizando o ser humano inserido aos neg\u00f3cios.<\/h4>\t\t\t\t<\/div>\n\t\t\t\t<\/div>\n\t\t\t\t<div class=\"elementor-element elementor-element-41d96b1 elementor-widget elementor-widget-heading\" data-id=\"41d96b1\" data-element_type=\"widget\" data-widget_type=\"heading.default\">\n\t\t\t\t<div class=\"elementor-widget-container\">\n\t\t\t\t\t<h4 class=\"elementor-heading-title elementor-size-default\"><b>Apoio<\/b>\n<br>Garantir aos T\u00e9cnicos Agr\u00edcolas o direito de exercer a profiss\u00e3o em sua plenitude e com dignidade;<br>Garantir aos T\u00e9cnicos Agr\u00edcolas o direito de exercer a profiss\u00e3o aplicando todas as suas atribui\u00e7\u00f5es;<br>Promover o crescimento e desenvolvimento da categoria T\u00e9cnico Agr\u00edcola;<br>Lutar por melhores condi\u00e7\u00f5es de trabalho e remunera\u00e7\u00e3o justa;<br>Buscar junto aos \u00f3rg\u00e3os competentes o estabelecimento de um piso salarial nacional;<br>Dar suporte administrativo e jur\u00eddico \u00e0 categoria T\u00e9cnica Agr\u00edcola nas negocia\u00e7\u00f5es salariais;<br>Dar suporte jur\u00eddico aos T\u00e9cnicos Agr\u00edcolas para o seu pleno direito de exerc\u00edcio da profiss\u00e3o e aposentadoria;<\/h4>\t\t\t\t<\/div>\n\t\t\t\t<\/div>\n\t\t\t\t\t<\/div>\n\t\t\t\t<\/div>\n\t\t\t\t<\/div>\n\t\t","protected":false},"excerpt":{"rendered":"<p>Hist\u00f3ria O SINTAES foi constitu\u00eddo em 14 de Janeiro de 1989, por iniciativa da Associa\u00e7\u00e3o dos T\u00e9cnicos Agr\u00edcolas do Esp\u00edrito Santo (ATAES), que j\u00e1 se consolidava nas lutas de organiza\u00e7\u00e3o da categoria desde 1978 e pela necessidade de um organismo que tivesse a prerrogativa legal de representar todos os profissionais, independente de sua ades\u00e3o. A primeira diret\u00f3ria do SINTAES foi composta pelos T\u00e9cnicos Agr\u00edcolas D\u00e1rio Antonio de Almeida, Francisco Hosquen Pires, Carla Birchler Guimar\u00e3es, Vitalino Fermo, Ant\u00f4nio Carlos Balbino e Martinho Gasparini. Nossa Pol\u00edticaO SINTAES \u00e9 a entidade de representa\u00e7\u00e3o legal e leg\u00edtima do profissional T\u00e9cnico Agr\u00edcola no Estado do Esp\u00edrito Santo, com prerrogativas estabelecidas na constitui\u00e7\u00e3o brasileira Art\u00ba 8\u00ba, na CLT Art\u00ba 578 a 600. Certifica\u00e7\u00f5esO SINTAES, \u00e9 sindicato que representa os profissionais T\u00e9cnicos Agr\u00edcolas do Estado do Espirito Santo, legalmente constitu\u00eddo perante o Minist\u00e9rio do Trabalho com c\u00f3digo sindical N\u00ba000.398.05508-4. A Miss\u00e3oOrganizar, assessorar e garantir aos T\u00e9cnicos Agr\u00edcolas o exerc\u00edcio da profiss\u00e3o com dignidade na plenitude de suas atribui\u00e7\u00f5es legais. Nossa Vis\u00e3oSer a entidade de classe representativa legal de todos os t\u00e9cnicos agr\u00edcolas do Espirito Santo. ValorizamosPropor aos T\u00e9cnicos Agr\u00edcolas do Esp\u00edrito Santo a busca pelo desenvolvimento sustent\u00e1vel, com \u00e9tica, transpar\u00eancia, valorizando o ser humano inserido aos neg\u00f3cios. Apoio Garantir aos T\u00e9cnicos Agr\u00edcolas o direito de exercer a profiss\u00e3o em sua plenitude e com dignidade;Garantir aos T\u00e9cnicos Agr\u00edcolas o direito de exercer a profiss\u00e3o aplicando todas as suas atribui\u00e7\u00f5es;Promover o crescimento e desenvolvimento da categoria T\u00e9cnico Agr\u00edcola;Lutar por melhores condi\u00e7\u00f5es de trabalho e remunera\u00e7\u00e3o justa;Buscar junto aos \u00f3rg\u00e3os competentes o estabelecimento de um piso salarial nacional;Dar suporte administrativo e jur\u00eddico \u00e0 categoria T\u00e9cnica Agr\u00edcola nas negocia\u00e7\u00f5es salariais;Dar suporte jur\u00eddico aos T\u00e9cnicos Agr\u00edcolas para o seu pleno direito de exerc\u00edcio da profiss\u00e3o e aposentadoria;<\/p>\n","protected":false},"author":1,"featured_media":0,"parent":0,"menu_order":0,"comment_status":"closed","ping_status":"closed","template":"elementor_header_footer","meta":{"site-sidebar-layout":"no-sidebar","site-content-layout":"page-builder","ast-site-content-layout":"full-width-container","site-content-style":"default","site-sidebar-style":"default","ast-global-header-display":"","ast-banner-title-visibility":"","ast-main-header-display":"","ast-hfb-above-header-display":"","ast-hfb-below-header-display":"","ast-hfb-mobile-header-display":"","site-post-title":"disabled","ast-breadcrumbs-content":"","ast-featured-img":"disabled","footer-sml-layout":"","theme-transparent-header-meta":"default","adv-header-id-meta":"","stick-header-meta":"","header-above-stick-meta":"","header-main-stick-meta":"","header-below-stick-meta":"","astra-migrate-meta-layouts":"set","ast-page-background-enabled":"default","ast-page-background-meta":{"desktop":{"background-color":"var(--ast-global-color-4)","background-image":"","background-repeat":"repeat","background-position":"center center","background-size":"auto","background-attachment":"scroll","background-type":"","background-media":"","overlay-type":"","overlay-color":"","overlay-opacity":"","overlay-gradient":""},"tablet":{"background-color":"","background-image":"","background-repeat":"repeat","background-position":"center center","background-size":"auto","background-attachment":"scroll","background-type":"","background-media":"","overlay-type":"","overlay-color":"","overlay-opacity":"","overlay-gradient":""},"mobile":{"background-color":"","background-image":"","background-repeat":"repeat","background-position":"center center","background-size":"auto","background-attachment":"scroll","background-type":"","background-media":"","overlay-type":"","overlay-color":"","overlay-opacity":"","overlay-gradient":""}},"ast-content-background-meta":{"desktop":{"background-color":"var(--ast-global-color-5)","background-image":"","background-repeat":"repeat","background-position":"center center","background-size":"auto","background-attachment":"scroll","background-type":"","background-media":"","overlay-type":"","overlay-color":"","overlay-opacity":"","overlay-gradient":""},"tablet":{"background-color":"var(--ast-global-color-5)","background-image":"","background-repeat":"repeat","background-position":"center center","background-size":"auto","background-attachment":"scroll","background-type":"","background-media":"","overlay-type":"","overlay-color":"","overlay-opacity":"","overlay-gradient":""},"mobile":{"background-color":"var(--ast-global-color-5)","background-image":"","background-repeat":"repeat","background-position":"center center","background-size":"auto","background-attachment":"scroll","background-type":"","background-media":"","overlay-type":"","overlay-color":"","overlay-opacity":"","overlay-gradient":""}},"footnotes":""},"class_list":["post-1866","page","type-page","status-publish","hentry"],"_links":{"self":[{"href":"https:\/\/sintaes.com.br\/home\/index.php?rest_route=\/wp\/v2\/pages\/1866","targetHints":{"allow":["GET"]}}],"collection":[{"href":"https:\/\/sintaes.com.br\/home\/index.php?rest_route=\/wp\/v2\/pages"}],"about":[{"href":"https:\/\/sintaes.com.br\/home\/index.php?rest_route=\/wp\/v2\/types\/page"}],"author":[{"embeddable":true,"href":"https:\/\/sintaes.com.br\/home\/index.php?rest_route=\/wp\/v2\/users\/1"}],"replies":[{"embeddable":true,"href":"https:\/\/sintaes.com.br\/home\/index.php?rest_route=%2Fwp%2Fv2%2Fcomments&post=1866"}],"version-history":[{"count":4,"href":"https:\/\/sintaes.com.br\/home\/index.php?rest_route=\/wp\/v2\/pages\/1866\/revisions"}],"predecessor-version":[{"id":1870,"href":"https:\/\/sintaes.com.br\/home\/index.php?rest_route=\/wp\/v2\/pages\/1866\/revisions\/1870"}],"wp:attachment":[{"href":"https:\/\/sintaes.com.br\/home\/index.php?rest_route=%2Fwp%2Fv2%2Fmedia&parent=1866"}],"curies":[{"name":"wp","href":"https:\/\/api.w.org\/{rel}","templated":true}]}}