{"id":1871,"date":"2025-01-21T21:29:48","date_gmt":"2025-01-21T21:29:48","guid":{"rendered":"https:\/\/sintaes.com.br\/home\/?page_id=1871"},"modified":"2025-01-21T21:37:08","modified_gmt":"2025-01-21T21:37:08","slug":"filie-se","status":"publish","type":"page","link":"https:\/\/sintaes.com.br\/home\/?page_id=1871","title":{"rendered":"Filie-se"},"content":{"rendered":"\t\t<div data-elementor-type=\"wp-page\" data-elementor-id=\"1871\" class=\"elementor elementor-1871\">\n\t\t\t\t<div class=\"elementor-element elementor-element-19fd8f8 e-flex e-con-boxed wpr-particle-no wpr-jarallax-no wpr-parallax-no wpr-sticky-section-no e-con e-parent\" data-id=\"19fd8f8\" data-element_type=\"container\" data-settings=\"{&quot;background_background&quot;:&quot;classic&quot;}\">\n\t\t\t\t\t<div class=\"e-con-inner\">\n\t\t<div class=\"elementor-element elementor-element-36ce5d1 e-con-full e-flex wpr-particle-no wpr-jarallax-no wpr-parallax-no wpr-sticky-section-no e-con e-child\" data-id=\"36ce5d1\" data-element_type=\"container\">\n\t\t\t\t<div class=\"elementor-element elementor-element-8b9c3f4 elementor-widget elementor-widget-heading\" data-id=\"8b9c3f4\" data-element_type=\"widget\" data-widget_type=\"heading.default\">\n\t\t\t\t<div class=\"elementor-widget-container\">\n\t\t\t\t\t<h1 class=\"elementor-heading-title elementor-size-default\">Filie-se<\/h1>\t\t\t\t<\/div>\n\t\t\t\t<\/div>\n\t\t\t\t<\/div>\n\t\t\t\t\t<\/div>\n\t\t\t\t<\/div>\n\t\t<div class=\"elementor-element elementor-element-900c269 e-flex e-con-boxed wpr-particle-no wpr-jarallax-no wpr-parallax-no wpr-sticky-section-no e-con e-parent\" data-id=\"900c269\" data-element_type=\"container\">\n\t\t\t\t\t<div class=\"e-con-inner\">\n\t\t\t\t<div class=\"elementor-element elementor-element-237837c elementor-widget elementor-widget-heading\" data-id=\"237837c\" data-element_type=\"widget\" data-widget_type=\"heading.default\">\n\t\t\t\t<div class=\"elementor-widget-container\">\n\t\t\t\t\t<h4 class=\"elementor-heading-title elementor-size-default\">Ao cumpriment\u00e1-lo (a), aproveitamos para informar da nossa satisfa\u00e7\u00e3o de despertar em Vossa Senhoria o interesse em filiar-se ao SINTAES. N\u00e3o obstante para filiar-se \u00e9 preciso o atendimento dos requisitos abaixo:<\/h4>\t\t\t\t<\/div>\n\t\t\t\t<\/div>\n\t\t\t\t<div class=\"elementor-element elementor-element-d69d440 elementor-widget elementor-widget-heading\" data-id=\"d69d440\" data-element_type=\"widget\" data-widget_type=\"heading.default\">\n\t\t\t\t<div class=\"elementor-widget-container\">\n\t\t\t\t\t<h4 class=\"elementor-heading-title elementor-size-default\">1 Requerimento ao SINTAES solicitando filia\u00e7\u00e3o.<br>2 C\u00f3pias Autenticadas: Diploma de T\u00e9cnico Agr\u00edcola, CPF, Carteira de Identidade.<br>3 Duas Fotos 3\u00d74<br>4 Ap\u00f3s aprovado pela Diretoria, o interessado dever\u00e1 fazer o pagamento da anuidade no valor de R$ 200,00 (duzentos reais), podendo ser parcelado em at\u00e9 3 vezes atrav\u00e9s de cheque pr\u00e9-datado e nominal ao SINTAES ou deposito Banco Banestes \u2013 Ag. 0144 \u2013 Conta Corrente 1831684.<\/h4>\t\t\t\t<\/div>\n\t\t\t\t<\/div>\n\t\t\t\t<div class=\"elementor-element elementor-element-e50eea7 elementor-widget elementor-widget-button\" data-id=\"e50eea7\" data-element_type=\"widget\" data-widget_type=\"button.default\">\n\t\t\t\t<div class=\"elementor-widget-container\">\n\t\t\t\t\t\t\t\t\t<div class=\"elementor-button-wrapper\">\n\t\t\t\t\t<a class=\"elementor-button elementor-button-link elementor-size-sm\" href=\"https:\/\/sintaes.com.br\/home\/wp-content\/uploads\/2025\/01\/Requerimento-para-filiacao-2017PDF.pdf\" target=\"_blank\">\n\t\t\t\t\t\t<span class=\"elementor-button-content-wrapper\">\n\t\t\t\t\t\t\t\t\t<span class=\"elementor-button-text\">BAIXAR REQUERIMENTO<\/span>\n\t\t\t\t\t<\/span>\n\t\t\t\t\t<\/a>\n\t\t\t\t<\/div>\n\t\t\t\t\t\t\t\t<\/div>\n\t\t\t\t<\/div>\n\t\t\t\t<div class=\"elementor-element elementor-element-4e9e03b elementor-widget elementor-widget-heading\" data-id=\"4e9e03b\" data-element_type=\"widget\" data-widget_type=\"heading.default\">\n\t\t\t\t<div class=\"elementor-widget-container\">\n\t\t\t\t\t<h4 class=\"elementor-heading-title elementor-size-default\">Caso tenha interesse:<\/h4>\t\t\t\t<\/div>\n\t\t\t\t<\/div>\n\t\t\t\t<div class=\"elementor-element elementor-element-f6b4fd3 elementor-widget elementor-widget-heading\" data-id=\"f6b4fd3\" data-element_type=\"widget\" data-widget_type=\"heading.default\">\n\t\t\t\t<div class=\"elementor-widget-container\">\n\t\t\t\t\t<h4 class=\"elementor-heading-title elementor-size-default\">Para estar apto a fazer ocurso dePrescri\u00e7\u00e3o do Receitu\u00e1rio Agron\u00f4micooferecido pelo SINTAES, o T\u00e9cnico Agr\u00edcola dever\u00e1 estar em dia com a sua Anuidade e fazer parte do Fundo Jur\u00eddico.<\/h4>\t\t\t\t<\/div>\n\t\t\t\t<\/div>\n\t\t\t\t<div class=\"elementor-element elementor-element-5771efb elementor-widget elementor-widget-heading\" data-id=\"5771efb\" data-element_type=\"widget\" data-widget_type=\"heading.default\">\n\t\t\t\t<div class=\"elementor-widget-container\">\n\t\t\t\t\t<h4 class=\"elementor-heading-title elementor-size-default\">Anuidade: R$ 200,00 (Pagamento Anual 2017)<\/h4>\t\t\t\t<\/div>\n\t\t\t\t<\/div>\n\t\t\t\t<div class=\"elementor-element elementor-element-21fe9a6 elementor-widget elementor-widget-heading\" data-id=\"21fe9a6\" data-element_type=\"widget\" data-widget_type=\"heading.default\">\n\t\t\t\t<div class=\"elementor-widget-container\">\n\t\t\t\t\t<h4 class=\"elementor-heading-title elementor-size-default\">Fundo Jur\u00eddico: R$ 937,00(sal\u00e1rio m\u00ednimo) no cheque ou dep\u00f3sito identificado conta e ag\u00eancia acima citado (Fundo para custear a\u00e7\u00f5es judiciais).<\/h4>\t\t\t\t<\/div>\n\t\t\t\t<\/div>\n\t\t\t\t<div class=\"elementor-element elementor-element-e9d8179 elementor-widget elementor-widget-heading\" data-id=\"e9d8179\" data-element_type=\"widget\" data-widget_type=\"heading.default\">\n\t\t\t\t<div class=\"elementor-widget-container\">\n\t\t\t\t\t<h4 class=\"elementor-heading-title elementor-size-default\">Treinamento: R$ 250,00 (inscri\u00e7\u00e3o, Alimenta\u00e7\u00e3o e pernoite).<\/h4>\t\t\t\t<\/div>\n\t\t\t\t<\/div>\n\t\t\t\t<div class=\"elementor-element elementor-element-189e82d elementor-widget elementor-widget-heading\" data-id=\"189e82d\" data-element_type=\"widget\" data-widget_type=\"heading.default\">\n\t\t\t\t<div class=\"elementor-widget-container\">\n\t\t\t\t\t<h4 class=\"elementor-heading-title elementor-size-default\">Totalizando o valor de R$ 1.387,00 (parcelado em 3 vezes)<\/h4>\t\t\t\t<\/div>\n\t\t\t\t<\/div>\n\t\t\t\t<div class=\"elementor-element elementor-element-b0758fa elementor-widget elementor-widget-heading\" data-id=\"b0758fa\" data-element_type=\"widget\" data-widget_type=\"heading.default\">\n\t\t\t\t<div class=\"elementor-widget-container\">\n\t\t\t\t\t<h4 class=\"elementor-heading-title elementor-size-default\">1\u00b0 parcela: confirmar inscri\u00e7\u00e3o \/ 2\u00b0 parcela: 1\u00b0 dia de treinamento \/ 3\u00b0 parcela: p\/ 30 dias ap\u00f3s treinamento<\/h4>\t\t\t\t<\/div>\n\t\t\t\t<\/div>\n\t\t\t\t<div class=\"elementor-element elementor-element-9c1c5c2 elementor-widget elementor-widget-heading\" data-id=\"9c1c5c2\" data-element_type=\"widget\" data-widget_type=\"heading.default\">\n\t\t\t\t<div class=\"elementor-widget-container\">\n\t\t\t\t\t<h4 class=\"elementor-heading-title elementor-size-default\">OBS: O Fundo Jur\u00eddico \u00e9 cobrado somente uma vez para o filiado, que passa a contar com assessoria jur\u00eddica especifica para defesa das prerrogativas profissionais, epoder\u00e1ser pago a vista ou parcelado em at\u00e9 tr\u00eas vezes em cheques pr\u00e9-datados.<\/h4>\t\t\t\t<\/div>\n\t\t\t\t<\/div>\n\t\t\t\t\t<\/div>\n\t\t\t\t<\/div>\n\t\t\t\t<\/div>\n\t\t","protected":false},"excerpt":{"rendered":"<p>Filie-se Ao cumpriment\u00e1-lo (a), aproveitamos para informar da nossa satisfa\u00e7\u00e3o de despertar em Vossa Senhoria o interesse em filiar-se ao SINTAES. N\u00e3o obstante para filiar-se \u00e9 preciso o atendimento dos requisitos abaixo: 1 Requerimento ao SINTAES solicitando filia\u00e7\u00e3o.2 C\u00f3pias Autenticadas: Diploma de T\u00e9cnico Agr\u00edcola, CPF, Carteira de Identidade.3 Duas Fotos 3\u00d744 Ap\u00f3s aprovado pela Diretoria, o interessado dever\u00e1 fazer o pagamento da anuidade no valor de R$ 200,00 (duzentos reais), podendo ser parcelado em at\u00e9 3 vezes atrav\u00e9s de cheque pr\u00e9-datado e nominal ao SINTAES ou deposito Banco Banestes \u2013 Ag. 0144 \u2013 Conta Corrente 1831684. BAIXAR REQUERIMENTO Caso tenha interesse: Para estar apto a fazer ocurso dePrescri\u00e7\u00e3o do Receitu\u00e1rio Agron\u00f4micooferecido pelo SINTAES, o T\u00e9cnico Agr\u00edcola dever\u00e1 estar em dia com a sua Anuidade e fazer parte do Fundo Jur\u00eddico. Anuidade: R$ 200,00 (Pagamento Anual 2017) Fundo Jur\u00eddico: R$ 937,00(sal\u00e1rio m\u00ednimo) no cheque ou dep\u00f3sito identificado conta e ag\u00eancia acima citado (Fundo para custear a\u00e7\u00f5es judiciais). Treinamento: R$ 250,00 (inscri\u00e7\u00e3o, Alimenta\u00e7\u00e3o e pernoite). Totalizando o valor de R$ 1.387,00 (parcelado em 3 vezes) 1\u00b0 parcela: confirmar inscri\u00e7\u00e3o \/ 2\u00b0 parcela: 1\u00b0 dia de treinamento \/ 3\u00b0 parcela: p\/ 30 dias ap\u00f3s treinamento OBS: O Fundo Jur\u00eddico \u00e9 cobrado somente uma vez para o filiado, que passa a contar com assessoria jur\u00eddica especifica para defesa das prerrogativas profissionais, epoder\u00e1ser pago a vista ou parcelado em at\u00e9 tr\u00eas vezes em cheques pr\u00e9-datados.<\/p>\n","protected":false},"author":1,"featured_media":0,"parent":0,"menu_order":0,"comment_status":"closed","ping_status":"closed","template":"elementor_header_footer","meta":{"site-sidebar-layout":"no-sidebar","site-content-layout":"page-builder","ast-site-content-layout":"full-width-container","site-content-style":"default","site-sidebar-style":"default","ast-global-header-display":"","ast-banner-title-visibility":"","ast-main-header-display":"","ast-hfb-above-header-display":"","ast-hfb-below-header-display":"","ast-hfb-mobile-header-display":"","site-post-title":"disabled","ast-breadcrumbs-content":"","ast-featured-img":"disabled","footer-sml-layout":"","theme-transparent-header-meta":"default","adv-header-id-meta":"","stick-header-meta":"","header-above-stick-meta":"","header-main-stick-meta":"","header-below-stick-meta":"","astra-migrate-meta-layouts":"set","ast-page-background-enabled":"default","ast-page-background-meta":{"desktop":{"background-color":"var(--ast-global-color-4)","background-image":"","background-repeat":"repeat","background-position":"center center","background-size":"auto","background-attachment":"scroll","background-type":"","background-media":"","overlay-type":"","overlay-color":"","overlay-opacity":"","overlay-gradient":""},"tablet":{"background-color":"","background-image":"","background-repeat":"repeat","background-position":"center center","background-size":"auto","background-attachment":"scroll","background-type":"","background-media":"","overlay-type":"","overlay-color":"","overlay-opacity":"","overlay-gradient":""},"mobile":{"background-color":"","background-image":"","background-repeat":"repeat","background-position":"center center","background-size":"auto","background-attachment":"scroll","background-type":"","background-media":"","overlay-type":"","overlay-color":"","overlay-opacity":"","overlay-gradient":""}},"ast-content-background-meta":{"desktop":{"background-color":"var(--ast-global-color-5)","background-image":"","background-repeat":"repeat","background-position":"center center","background-size":"auto","background-attachment":"scroll","background-type":"","background-media":"","overlay-type":"","overlay-color":"","overlay-opacity":"","overlay-gradient":""},"tablet":{"background-color":"var(--ast-global-color-5)","background-image":"","background-repeat":"repeat","background-position":"center center","background-size":"auto","background-attachment":"scroll","background-type":"","background-media":"","overlay-type":"","overlay-color":"","overlay-opacity":"","overlay-gradient":""},"mobile":{"background-color":"var(--ast-global-color-5)","background-image":"","background-repeat":"repeat","background-position":"center center","background-size":"auto","background-attachment":"scroll","background-type":"","background-media":"","overlay-type":"","overlay-color":"","overlay-opacity":"","overlay-gradient":""}},"footnotes":""},"class_list":["post-1871","page","type-page","status-publish","hentry"],"_links":{"self":[{"href":"https:\/\/sintaes.com.br\/home\/index.php?rest_route=\/wp\/v2\/pages\/1871","targetHints":{"allow":["GET"]}}],"collection":[{"href":"https:\/\/sintaes.com.br\/home\/index.php?rest_route=\/wp\/v2\/pages"}],"about":[{"href":"https:\/\/sintaes.com.br\/home\/index.php?rest_route=\/wp\/v2\/types\/page"}],"author":[{"embeddable":true,"href":"https:\/\/sintaes.com.br\/home\/index.php?rest_route=\/wp\/v2\/users\/1"}],"replies":[{"embeddable":true,"href":"https:\/\/sintaes.com.br\/home\/index.php?rest_route=%2Fwp%2Fv2%2Fcomments&post=1871"}],"version-history":[{"count":7,"href":"https:\/\/sintaes.com.br\/home\/index.php?rest_route=\/wp\/v2\/pages\/1871\/revisions"}],"predecessor-version":[{"id":1879,"href":"https:\/\/sintaes.com.br\/home\/index.php?rest_route=\/wp\/v2\/pages\/1871\/revisions\/1879"}],"wp:attachment":[{"href":"https:\/\/sintaes.com.br\/home\/index.php?rest_route=%2Fwp%2Fv2%2Fmedia&parent=1871"}],"curies":[{"name":"wp","href":"https:\/\/api.w.org\/{rel}","templated":true}]}}